{"id":62,"date":"2018-03-17T23:34:04","date_gmt":"2018-03-17T22:34:04","guid":{"rendered":"http:\/\/fegwebservice\/?page_id=62"},"modified":"2025-12-12T15:10:44","modified_gmt":"2025-12-12T14:10:44","slug":"gottesdienst","status":"publish","type":"page","link":"https:\/\/www.feg-emmendingen.de\/index.php\/gottesdienst\/","title":{"rendered":"Jahresplanung 2026"},"content":{"rendered":"\n<p><strong>wird h\u00e4ufiger aktualisiert &#8211; Stand: 12.12.2025 &#8230;<\/strong><\/p>\n\n\n<a href=\"https:\/\/www.feg-emmendingen.de\/wp-content\/uploads\/2025\/12\/JAHRESPLAN-2026.pdf\" class=\"pdfemb-viewer\" style=\"\" data-width=\"max\" data-height=\"max\" data-toolbar=\"bottom\" data-toolbar-fixed=\"off\">JAHRESPLAN-2026<\/a>\n\n\n<p><em>&#8230; \u00fcber Pfeil nach links zur\u00fcckkehren<\/em><\/p>\n\n\n\n<p><\/p>\n","protected":false},"excerpt":{"rendered":"<p>wird h\u00e4ufiger aktualisiert &#8211; Stand: 12.12.2025 &#8230; &#8230; \u00fcber Pfeil nach links zur\u00fcckkehren<\/p>\n","protected":false},"author":1,"featured_media":0,"parent":0,"menu_order":0,"comment_status":"closed","ping_status":"closed","template":"","meta":{"advgb_blocks_editor_width":"","advgb_blocks_columns_visual_guide":"","footnotes":""},"class_list":["post-62","page","type-page","status-publish","hentry"],"aioseo_notices":[],"coauthors":[],"author_meta":{"author_link":"https:\/\/www.feg-emmendingen.de\/index.php\/author\/admin\/","display_name":"admin"},"relative_dates":{"created":"Ver\u00f6ffentlicht 8\u00a0Jahren vor","modified":"Aktualisiert 4\u00a0Monaten vor"},"absolute_dates":{"created":"Ver\u00f6ffentlicht am 17. M\u00e4rz 2018","modified":"Aktualisiert am 12. Dezember 2025"},"absolute_dates_time":{"created":"Ver\u00f6ffentlicht am 17. M\u00e4rz 2018 23:34","modified":"Aktualisiert am 12. Dezember 2025 15:10"},"featured_img_caption":"","featured_img":false,"series_order":"","_links":{"self":[{"href":"https:\/\/www.feg-emmendingen.de\/index.php\/wp-json\/wp\/v2\/pages\/62","targetHints":{"allow":["GET"]}}],"collection":[{"href":"https:\/\/www.feg-emmendingen.de\/index.php\/wp-json\/wp\/v2\/pages"}],"about":[{"href":"https:\/\/www.feg-emmendingen.de\/index.php\/wp-json\/wp\/v2\/types\/page"}],"author":[{"embeddable":true,"href":"https:\/\/www.feg-emmendingen.de\/index.php\/wp-json\/wp\/v2\/users\/1"}],"replies":[{"embeddable":true,"href":"https:\/\/www.feg-emmendingen.de\/index.php\/wp-json\/wp\/v2\/comments?post=62"}],"version-history":[{"count":48,"href":"https:\/\/www.feg-emmendingen.de\/index.php\/wp-json\/wp\/v2\/pages\/62\/revisions"}],"predecessor-version":[{"id":1895,"href":"https:\/\/www.feg-emmendingen.de\/index.php\/wp-json\/wp\/v2\/pages\/62\/revisions\/1895"}],"wp:attachment":[{"href":"https:\/\/www.feg-emmendingen.de\/index.php\/wp-json\/wp\/v2\/media?parent=62"}],"curies":[{"name":"wp","href":"https:\/\/api.w.org\/{rel}","templated":true}]}}