{"id":46,"date":"2018-03-17T22:24:17","date_gmt":"2018-03-17T21:24:17","guid":{"rendered":"http:\/\/fegwebservice\/?page_id=46"},"modified":"2018-12-20T15:02:28","modified_gmt":"2018-12-20T14:02:28","slug":"anfahrt","status":"publish","type":"page","link":"https:\/\/www.feg-emmendingen.de\/index.php\/anfahrt\/","title":{"rendered":"Anfahrt"},"content":{"rendered":"\n<div class=\"wp-block-advgb-map advgb-map-block\" style=\"margin:10px auto\"><div class=\"advgb-map-content\" id=\"advgbmap-d33f06b4-c997-452f-a230-2a61e7382419\" style=\"height:420px\"><\/div><script type=\"text\/javascript\">window.addEventListener('load', function() {\n                        if (typeof google === \"undefined\") return null;\n                        var location = {\n                            lat: parseFloat(48.1140927),\n                            lng: parseFloat(7.853812699999935)\n                        };\n                        var map = new google.maps.Map(document.getElementById('advgbmap-d33f06b4-c997-452f-a230-2a61e7382419'), {\n                            zoom: 14,\n                            center: location,\n                            gestureHandling: 'cooperative',\n                        });\n                        var infoWindow = new google.maps.InfoWindow({\n                            content: '&lt;div class=\"advgbmap-wrapper\">&lt;h2 class=\"advgbmap-title\">Eiffel Tower&lt;\/h2>&lt;p class=\"advgbmap-desc\">FeG Emmendingen&lt;\/p>&lt;\/div>'\n                        });\n                        var marker = new google.maps.Marker({\n                            position: location,\n                            map: map,\n                            title: 'Eiffel Tower',\n                            animation: google.maps.Animation.DROP,\n                            icon: {\n                                url: 'https:\/\/maps.gstatic.com\/mapfiles\/api-3\/images\/spotlight-poi2.png',\n                                scaledSize: new google.maps.Size(27, 43),\n                            },\n                        });\n                        marker.addListener('click', function() {\n                            infoWindow.open(map, marker);\n                        });\n                    })<\/script><\/div>\n","protected":false},"excerpt":{"rendered":"","protected":false},"author":1,"featured_media":0,"parent":0,"menu_order":0,"comment_status":"closed","ping_status":"closed","template":"","meta":{"advgb_blocks_editor_width":"","advgb_blocks_columns_visual_guide":"","footnotes":""},"class_list":["post-46","page","type-page","status-publish","hentry"],"aioseo_notices":[],"coauthors":[],"author_meta":{"author_link":"https:\/\/www.feg-emmendingen.de\/index.php\/author\/admin\/","display_name":"admin"},"relative_dates":{"created":"Ver\u00f6ffentlicht 8\u00a0Jahren vor","modified":"Aktualisiert 7\u00a0Jahren vor"},"absolute_dates":{"created":"Ver\u00f6ffentlicht am 17. M\u00e4rz 2018","modified":"Aktualisiert am 20. Dezember 2018"},"absolute_dates_time":{"created":"Ver\u00f6ffentlicht am 17. M\u00e4rz 2018 22:24","modified":"Aktualisiert am 20. Dezember 2018 15:02"},"featured_img_caption":"","featured_img":false,"series_order":"","_links":{"self":[{"href":"https:\/\/www.feg-emmendingen.de\/index.php\/wp-json\/wp\/v2\/pages\/46","targetHints":{"allow":["GET"]}}],"collection":[{"href":"https:\/\/www.feg-emmendingen.de\/index.php\/wp-json\/wp\/v2\/pages"}],"about":[{"href":"https:\/\/www.feg-emmendingen.de\/index.php\/wp-json\/wp\/v2\/types\/page"}],"author":[{"embeddable":true,"href":"https:\/\/www.feg-emmendingen.de\/index.php\/wp-json\/wp\/v2\/users\/1"}],"replies":[{"embeddable":true,"href":"https:\/\/www.feg-emmendingen.de\/index.php\/wp-json\/wp\/v2\/comments?post=46"}],"version-history":[{"count":6,"href":"https:\/\/www.feg-emmendingen.de\/index.php\/wp-json\/wp\/v2\/pages\/46\/revisions"}],"predecessor-version":[{"id":380,"href":"https:\/\/www.feg-emmendingen.de\/index.php\/wp-json\/wp\/v2\/pages\/46\/revisions\/380"}],"wp:attachment":[{"href":"https:\/\/www.feg-emmendingen.de\/index.php\/wp-json\/wp\/v2\/media?parent=46"}],"curies":[{"name":"wp","href":"https:\/\/api.w.org\/{rel}","templated":true}]}}