{"id":435,"date":"2020-05-23T22:42:07","date_gmt":"2020-05-23T20:42:07","guid":{"rendered":"http:\/\/www.feg-emmendingen.de\/?page_id=435"},"modified":"2026-04-03T19:11:15","modified_gmt":"2026-04-03T17:11:15","slug":"aktuelles","status":"publish","type":"page","link":"https:\/\/www.feg-emmendingen.de\/index.php\/aktuelles\/","title":{"rendered":"NEWSLETTER &amp; APP"},"content":{"rendered":"\n<h2 class=\"wp-block-heading\">Newsletter<\/h2>\n\n\n\n<p>Um regelm\u00e4\u00dfig genauere Informationen \u00fcber die Inhalte und Geschehnisse der Gemeinde zu erfahren, kannst DU unseren Mail-Newsletter (<em>turnusgem\u00e4\u00df in der Regel 14-t\u00e4gig<\/em>) abonnieren.<\/p>\n\n\n\n<p>Um den Mail-Newsletter der FeG Emmendingen zuk\u00fcnftig per Mail zu erhalten tippe auf den <strong><a href=\"mailto:feg-emmendingen@leddin.info?subject=Anmeldung%20Newsletter&amp;body=Bitte%20nehmen%20Sie%20mich%20in%20den Newsletter-Verteiler%20auf.\" title=\"\">Abonnieren<\/a><\/strong> Link<\/p>\n\n\n\n<p class=\"has-text-align-left\"><\/p>\n\n\n\n<h2 class=\"wp-block-heading\">FeG Communi App<\/h2>\n\n\n\n<figure class=\"wp-block-image size-full\"><img loading=\"lazy\" decoding=\"async\" width=\"804\" height=\"252\" src=\"https:\/\/www.feg-emmendingen.de\/wp-content\/uploads\/2026\/01\/grafik-1.png\" alt=\"\" class=\"wp-image-1929\" srcset=\"https:\/\/www.feg-emmendingen.de\/wp-content\/uploads\/2026\/01\/grafik-1.png 804w, https:\/\/www.feg-emmendingen.de\/wp-content\/uploads\/2026\/01\/grafik-1-300x94.png 300w, https:\/\/www.feg-emmendingen.de\/wp-content\/uploads\/2026\/01\/grafik-1-768x241.png 768w\" sizes=\"auto, (max-width: 804px) 100vw, 804px\" \/><\/figure>\n\n\n\n<p>schau Dir die <strong><a href=\"https:\/\/fegemmendingen.communiapp.de\/page\/general\/tab\/getApp\" title=\"\">App<\/a><\/strong> auf deinem Laptop\/PC an<\/p>\n\n\n\n<p><\/p>\n\n\n\n<p>oder mit dem QR-Code auf Deinem Smartphone:<\/p>\n\n\n\n<figure class=\"wp-block-image size-full is-resized\"><img loading=\"lazy\" decoding=\"async\" width=\"152\" height=\"152\" src=\"https:\/\/www.feg-emmendingen.de\/wp-content\/uploads\/2026\/01\/grafik-3.png\" alt=\"\" class=\"wp-image-1931\" style=\"width:177px;height:auto\" srcset=\"https:\/\/www.feg-emmendingen.de\/wp-content\/uploads\/2026\/01\/grafik-3.png 152w, https:\/\/www.feg-emmendingen.de\/wp-content\/uploads\/2026\/01\/grafik-3-150x150.png 150w\" sizes=\"auto, (max-width: 152px) 100vw, 152px\" \/><\/figure>\n","protected":false},"excerpt":{"rendered":"<p>Newsletter Um regelm\u00e4\u00dfig genauere Informationen \u00fcber die Inhalte und Geschehnisse der Gemeinde zu erfahren, kannst DU unseren Mail-Newsletter (turnusgem\u00e4\u00df in der Regel 14-t\u00e4gig) abonnieren. Um den Mail-Newsletter der FeG Emmendingen zuk\u00fcnftig per Mail zu erhalten tippe auf den Abonnieren Link FeG Communi App schau Dir die App auf deinem Laptop\/PC&#8230;<\/p>\n","protected":false},"author":1,"featured_media":0,"parent":0,"menu_order":0,"comment_status":"closed","ping_status":"closed","template":"","meta":{"advgb_blocks_editor_width":"","advgb_blocks_columns_visual_guide":"","footnotes":""},"class_list":["post-435","page","type-page","status-publish","hentry"],"aioseo_notices":[],"coauthors":[],"author_meta":{"author_link":"https:\/\/www.feg-emmendingen.de\/index.php\/author\/admin\/","display_name":"admin"},"relative_dates":{"created":"Ver\u00f6ffentlicht 6\u00a0Jahren vor","modified":"Aktualisiert 3\u00a0Wochen vor"},"absolute_dates":{"created":"Ver\u00f6ffentlicht am 23. Mai 2020","modified":"Aktualisiert am 3. April 2026"},"absolute_dates_time":{"created":"Ver\u00f6ffentlicht am 23. Mai 2020 22:42","modified":"Aktualisiert am 3. April 2026 19:11"},"featured_img_caption":"","featured_img":false,"series_order":"","_links":{"self":[{"href":"https:\/\/www.feg-emmendingen.de\/index.php\/wp-json\/wp\/v2\/pages\/435","targetHints":{"allow":["GET"]}}],"collection":[{"href":"https:\/\/www.feg-emmendingen.de\/index.php\/wp-json\/wp\/v2\/pages"}],"about":[{"href":"https:\/\/www.feg-emmendingen.de\/index.php\/wp-json\/wp\/v2\/types\/page"}],"author":[{"embeddable":true,"href":"https:\/\/www.feg-emmendingen.de\/index.php\/wp-json\/wp\/v2\/users\/1"}],"replies":[{"embeddable":true,"href":"https:\/\/www.feg-emmendingen.de\/index.php\/wp-json\/wp\/v2\/comments?post=435"}],"version-history":[{"count":199,"href":"https:\/\/www.feg-emmendingen.de\/index.php\/wp-json\/wp\/v2\/pages\/435\/revisions"}],"predecessor-version":[{"id":1990,"href":"https:\/\/www.feg-emmendingen.de\/index.php\/wp-json\/wp\/v2\/pages\/435\/revisions\/1990"}],"wp:attachment":[{"href":"https:\/\/www.feg-emmendingen.de\/index.php\/wp-json\/wp\/v2\/media?parent=435"}],"curies":[{"name":"wp","href":"https:\/\/api.w.org\/{rel}","templated":true}]}}