{"id":39,"date":"2018-03-17T22:10:53","date_gmt":"2018-03-17T21:10:53","guid":{"rendered":"http:\/\/fegwebservice\/?page_id=39"},"modified":"2026-04-07T15:04:07","modified_gmt":"2026-04-07T13:04:07","slug":"impressum","status":"publish","type":"page","link":"https:\/\/www.feg-emmendingen.de\/index.php\/impressum\/","title":{"rendered":"Impressum"},"content":{"rendered":"<p><strong>Angaben gem\u00e4\u00df \u00a7 5 Telemediengesetz:<\/strong><\/p>\n<p>Freie evangelische Gemeinde Emmendingen<br \/>\nPlatanenweg 9<br \/>\n79312 Emmendingen<\/p>\n<p><strong>Vertreten durch:<\/strong><\/p>\n<p>Gemeindeleitung der FeG Emmendingen<br \/>\nEmail: FeG-Emmendingen(at)leddin.info<\/p>\n<p><strong>Kontakt Pastor:<\/strong><\/p>\n<p>Thomas Lorenz<br \/>\nTel.: 07641 &#8211; 9345539<br \/>\nEmail: thomas.lorenz(at)feg.de<\/p>\n<p><strong>Verantwortlich f\u00fcr den Inhalt nach \u00a7 55 Abs. 2 RStV:<\/strong><\/p>\n<p>Holger Leddin<br \/>\nKandelstr. 15e<br \/>\n79331 Teningen<\/p>\n<p>Quelle: <a href=\"https:\/\/web.archive.org\/web\/20161012233623\/http:\/\/www.e-recht24.de\/impressum-generator.html\">Impressum-Generator<\/a>, Rechtsanwalt f\u00fcr Internetrecht S\u00f6ren Siebert<\/p>\n<p><strong>Haftungsausschluss:<\/strong><\/p>\n<p><strong>Haftung f\u00fcr Inhalte<\/strong><\/p>\n<p>Die Inhalte unserer Seiten wurden mit gr\u00f6\u00dfter Sorgfalt erstellt. F\u00fcr die Richtigkeit, Vollst\u00e4ndigkeit und Aktualit\u00e4t der Inhalte k\u00f6nnen wir jedoch keine Gew\u00e4hr \u00fcbernehmen. Als Diensteanbieter sind wir gem\u00e4\u00df \u00a7 7 Abs.1 TMG f\u00fcr eigene Inhalte auf diesen Seiten nach den allgemeinen Gesetzen verantwortlich. Nach \u00a7\u00a7 8 bis 10 TMG sind wir als Diensteanbieter jedoch nicht verpflichtet, \u00fcbermittelte oder gespeicherte fremde Informationen zu \u00fcberwachen oder nach Umst\u00e4nden zu forschen, die auf eine rechtswidrige T\u00e4tigkeit hinweisen. Verpflichtungen zur Entfernung oder Sperrung der Nutzung von Informationen nach den allgemeinen Gesetzen bleiben hiervon unber\u00fchrt. Eine diesbez\u00fcgliche Haftung ist jedoch erst ab dem Zeitpunkt der Kenntnis einer konkreten Rechtsverletzung m\u00f6glich. Bei Bekanntwerden von entsprechenden Rechtsverletzungen werden wir diese Inhalte umgehend entfernen.<\/p>\n<p><strong>Haftung f\u00fcr Links<\/strong><\/p>\n<p>Unser Angebot enth\u00e4lt Links zu externen Webseiten Dritter, auf deren Inhalte wir keinen Einfluss haben. Deshalb k\u00f6nnen wir f\u00fcr diese fremden Inhalte auch keine Gew\u00e4hr \u00fcbernehmen. F\u00fcr die Inhalte der verlinkten Seiten ist stets der jeweilige Anbieter oder Betreiber der Seiten verantwortlich. Die verlinkten Seiten wurden zum Zeitpunkt der Verlinkung auf m\u00f6gliche Rechtsverst\u00f6\u00dfe \u00fcberpr\u00fcft. Rechtswidrige Inhalte waren zum Zeitpunkt der Verlinkung nicht erkennbar. Eine permanente inhaltliche Kontrolle der verlinkten Seiten ist jedoch ohne konkrete Anhaltspunkte einer Rechtsverletzung nicht zumutbar. Bei Bekanntwerden von Rechtsverletzungen werden wir derartige Links umgehend entfernen.<\/p>\n<p><strong>Urheberrecht<\/strong><\/p>\n<p>Die durch die Seitenbetreiber erstellten Inhalte und Werke auf diesen Seiten unterliegen dem deutschen Urheberrecht. Die Vervielf\u00e4ltigung, Bearbeitung, Verbreitung und jede Art der Verwertung au\u00dferhalb der Grenzen des Urheberrechtes bed\u00fcrfen der schriftlichen Zustimmung des jeweiligen Autors bzw. Erstellers. Downloads und Kopien dieser Seite sind nur f\u00fcr den privaten, nicht kommerziellen Gebrauch gestattet. Soweit die Inhalte auf dieser Seite nicht vom Betreiber erstellt wurden, werden die Urheberrechte Dritter beachtet. Insbesondere werden Inhalte Dritter als solche gekennzeichnet. Sollten Sie trotzdem auf eine Urheberrechtsverletzung aufmerksam werden, bitten wir um einen entsprechenden Hinweis. Bei Bekanntwerden von Rechtsverletzungen werden wir derartige Inhalte umgehend entfernen.<\/p>\n<p><strong>Allgemeine Hinweise zur Datenverarbeitung<\/strong><\/p>\n<p>Wir nehmen den Schutz Ihrer pers\u00f6nlichen Daten sehr ernst. Ihre personenbezogenen Daten werden vertraulich und entsprechend der gesetzlichen Datenschutzvorschriften sowie dieser Datenschutzerkl\u00e4rung behandelt.<\/p>\n<p>Die Nutzung unserer Website ist ohne Angabe personenbezogener Daten m\u00f6glich.<\/p>\n<p><strong>Erfassung von Daten beim Besuch der Website (Server-Logfiles)<\/strong><\/p>\n<p>Beim Aufrufen unserer Website werden durch die eigene Server-Software (iPFire) automatisch Informationen erfasst. Diese sogenannten Server-Logfiles umfassen beispielsweise:<\/p>\n<ul>\n<li>\u00a0IP-Adresse des anfragenden Ger\u00e4ts<\/li>\n<li>\u00a0Datum und Uhrzeit des Zugriffs<\/li>\n<li>\u00a0Name und URL der abgerufenen Datei<\/li>\n<li>\u00a0Website, von der aus der Zugriff erfolgt (Referrer-URL)<\/li>\n<li>\u00a0verwendeter Browser und ggf. das Betriebssystem<\/li>\n<\/ul>\n<p>Diese Daten sind nicht bestimmten Personen zuordenbar.<\/p>\n<p>Die Verarbeitung erfolgt zur Gew\u00e4hrleistung eines st\u00f6rungsfreien Betriebs der Website sowie zur Verbesserung unseres Angebots.<\/p>\n<p>Rechtsgrundlage f\u00fcr die Datenverarbeitung ist Art. 6 Abs. 1 lit. f DSGVO.<\/p>\n<p><strong>Hosting<\/strong><\/p>\n<p>Der Zugriff auf unsere Website wird durch einem externen Dienstleister (selfHost) bereitgestellt.<\/p>\n<p>Der Hoster stellt nur die DNS\u2011Infrastruktur zur Verf\u00fcgung, damit unsere Domain auf unserem Server funktioniert.<\/p>\n<p>Die im Rahmen der Nutzung dieser Website erfassten Daten werden ausschlie\u00dflich auf dem Server der FeG Emmendingen erfasst.<\/p>\n<p><strong>Speicherdauer<\/strong><\/p>\n<p>In der Regel werden Server-Logfiles nach wenigen Tagen automatisch gel\u00f6scht.<\/p>\n<p><strong>Ihre Rechte<\/strong><\/p>\n<p>Sie haben im Rahmen der geltenden gesetzlichen Bestimmungen jederzeit das Recht auf:<\/p>\n<ul>\n<li>\u00a0Auskunft \u00fcber Ihre gespeicherten personenbezogenen Daten<\/li>\n<li>\u00a0Berichtigung unrichtiger Daten<\/li>\n<li>\u00a0L\u00f6schung Ihrer Daten<\/li>\n<li>\u00a0Einschr\u00e4nkung der Verarbeitung<\/li>\n<li>\u00a0Widerspruch gegen die Verarbeitung<\/li>\n<li>\u00a0Daten\u00fcbertragbarkeit<\/li>\n<\/ul>\n<p>Hierzu sowie zu weiteren Fragen zum Thema Datenschutz k\u00f6nnen Sie sich jederzeit an uns wenden.<\/p>\n<p>Dar\u00fcber hinaus steht Ihnen ein Beschwerderecht bei einer Datenschutzaufsichtsbeh\u00f6rde zu.<\/p>\n<p><strong>Hinweis zur Datenschutz-Grundverordnung (DSGVO)<\/strong><\/p>\n<p>Die Verarbeitung Ihrer personenbezogenen Daten erfolgt im Einklang mit den Vorgaben der Datenschutz-Grundverordnung (DSGVO) sowie den geltenden nationalen Datenschutzbestimmungen.<\/p>\n","protected":false},"excerpt":{"rendered":"<p>Angaben gem\u00e4\u00df \u00a7 5 Telemediengesetz: Freie evangelische Gemeinde Emmendingen Platanenweg 9 79312 Emmendingen Vertreten durch: Gemeindeleitung der FeG Emmendingen Email: FeG-Emmendingen(at)leddin.info Kontakt Pastor: Thomas Lorenz Tel.: 07641 &#8211; 9345539 Email: thomas.lorenz(at)feg.de Verantwortlich f\u00fcr den Inhalt nach \u00a7 55 Abs. 2 RStV: Holger Leddin Kandelstr. 15e 79331 Teningen Quelle: Impressum-Generator, Rechtsanwalt&#8230;<\/p>\n","protected":false},"author":1,"featured_media":0,"parent":0,"menu_order":0,"comment_status":"closed","ping_status":"closed","template":"","meta":{"advgb_blocks_editor_width":"","advgb_blocks_columns_visual_guide":"","footnotes":""},"class_list":["post-39","page","type-page","status-publish","hentry"],"aioseo_notices":[],"coauthors":[],"author_meta":{"author_link":"https:\/\/www.feg-emmendingen.de\/index.php\/author\/admin\/","display_name":"admin"},"relative_dates":{"created":"Ver\u00f6ffentlicht 8\u00a0Jahren vor","modified":"Aktualisiert 2\u00a0Wochen vor"},"absolute_dates":{"created":"Ver\u00f6ffentlicht am 17. M\u00e4rz 2018","modified":"Aktualisiert am 7. April 2026"},"absolute_dates_time":{"created":"Ver\u00f6ffentlicht am 17. M\u00e4rz 2018 22:10","modified":"Aktualisiert am 7. April 2026 15:04"},"featured_img_caption":"","featured_img":false,"series_order":"","_links":{"self":[{"href":"https:\/\/www.feg-emmendingen.de\/index.php\/wp-json\/wp\/v2\/pages\/39","targetHints":{"allow":["GET"]}}],"collection":[{"href":"https:\/\/www.feg-emmendingen.de\/index.php\/wp-json\/wp\/v2\/pages"}],"about":[{"href":"https:\/\/www.feg-emmendingen.de\/index.php\/wp-json\/wp\/v2\/types\/page"}],"author":[{"embeddable":true,"href":"https:\/\/www.feg-emmendingen.de\/index.php\/wp-json\/wp\/v2\/users\/1"}],"replies":[{"embeddable":true,"href":"https:\/\/www.feg-emmendingen.de\/index.php\/wp-json\/wp\/v2\/comments?post=39"}],"version-history":[{"count":16,"href":"https:\/\/www.feg-emmendingen.de\/index.php\/wp-json\/wp\/v2\/pages\/39\/revisions"}],"predecessor-version":[{"id":2001,"href":"https:\/\/www.feg-emmendingen.de\/index.php\/wp-json\/wp\/v2\/pages\/39\/revisions\/2001"}],"wp:attachment":[{"href":"https:\/\/www.feg-emmendingen.de\/index.php\/wp-json\/wp\/v2\/media?parent=39"}],"curies":[{"name":"wp","href":"https:\/\/api.w.org\/{rel}","templated":true}]}}