{"id":30,"date":"2020-12-27T11:40:08","date_gmt":"2020-12-27T10:40:08","guid":{"rendered":"http:\/\/fegwebservice\/index.php\/front-page\/"},"modified":"2026-04-19T17:24:00","modified_gmt":"2026-04-19T15:24:00","slug":"front-page","status":"publish","type":"page","link":"https:\/\/www.feg-emmendingen.de\/","title":{"rendered":"Startseite"},"content":{"rendered":"\n<h2 class=\"wp-block-heading\">Lieber Besucher &#8230;<\/h2>\n\n\n\n<figure class=\"wp-block-image size-full\"><img loading=\"lazy\" decoding=\"async\" width=\"600\" height=\"649\" src=\"https:\/\/www.feg-emmendingen.de\/wp-content\/uploads\/2026\/04\/2026-04-24-Mehr-als-Worte.png\" alt=\"\" class=\"wp-image-2020\" srcset=\"https:\/\/www.feg-emmendingen.de\/wp-content\/uploads\/2026\/04\/2026-04-24-Mehr-als-Worte.png 600w, https:\/\/www.feg-emmendingen.de\/wp-content\/uploads\/2026\/04\/2026-04-24-Mehr-als-Worte-277x300.png 277w\" sizes=\"auto, (max-width: 600px) 100vw, 600px\" \/><\/figure>\n\n\n\n<p class=\"has-text-align-left\">am n\u00e4chsten Sonntag wird die <u>Predigtserie zu einigen Gleichnissen<\/u> von Jesus Christus fortgesetzt.<\/p>\n\n\n\n<p><strong>So., 26.04., 10:00 Uhr Gottesdienst + Kinderprogramm<\/strong><\/p>\n\n\n\n<p>Thema: <strong><mark style=\"background-color:rgba(0, 0, 0, 0)\" class=\"has-inline-color has-vivid-red-color\">Das Gleichnis von der bedr\u00e4ngten Witwe<\/mark><\/strong>, Lukas 18,1-8 mit Jesper L\u00fcgger<\/p>\n\n\n\n<p><strong>So., 03.05., 10:00 Uhr Gottesdienst + Kinderprogramm<\/strong><\/p>\n\n\n\n<p>Thema: <strong><mark style=\"background-color:rgba(0, 0, 0, 0)\" class=\"has-inline-color has-vivid-red-color\">Gleichnis von den Kosten f\u00fcr den Turmbau<\/mark><\/strong>, Lukas 14,25-33 mit Rainer Ringwald<\/p>\n\n\n\n<p><strong><mark style=\"background-color:rgba(0, 0, 0, 0)\" class=\"has-inline-color has-vivid-cyan-blue-color\">Gottes Segen &#8211; Deine FeG Emmendingen<\/mark><\/strong><\/p>\n\n\n\n<p><\/p>\n","protected":false},"excerpt":{"rendered":"<p>Lieber Besucher &#8230; am n\u00e4chsten Sonntag wird die Predigtserie zu einigen Gleichnissen von Jesus Christus fortgesetzt. So., 26.04., 10:00 Uhr Gottesdienst + Kinderprogramm Thema: Das Gleichnis von der bedr\u00e4ngten Witwe, Lukas 18,1-8 mit Jesper L\u00fcgger So., 03.05., 10:00 Uhr Gottesdienst + Kinderprogramm Thema: Gleichnis von den Kosten f\u00fcr den Turmbau,&#8230;<\/p>\n","protected":false},"author":1,"featured_media":0,"parent":0,"menu_order":0,"comment_status":"closed","ping_status":"closed","template":"","meta":{"advgb_blocks_editor_width":"","advgb_blocks_columns_visual_guide":"","footnotes":""},"class_list":["post-30","page","type-page","status-publish","hentry"],"aioseo_notices":[],"coauthors":[],"author_meta":{"author_link":"https:\/\/www.feg-emmendingen.de\/index.php\/author\/admin\/","display_name":"admin"},"relative_dates":{"created":"Ver\u00f6ffentlicht 5\u00a0Jahren vor","modified":"Aktualisiert 5\u00a0Tagen vor"},"absolute_dates":{"created":"Ver\u00f6ffentlicht am 27. Dezember 2020","modified":"Aktualisiert am 19. April 2026"},"absolute_dates_time":{"created":"Ver\u00f6ffentlicht am 27. Dezember 2020 11:40","modified":"Aktualisiert am 19. April 2026 17:24"},"featured_img_caption":"","featured_img":false,"series_order":"","_links":{"self":[{"href":"https:\/\/www.feg-emmendingen.de\/index.php\/wp-json\/wp\/v2\/pages\/30","targetHints":{"allow":["GET"]}}],"collection":[{"href":"https:\/\/www.feg-emmendingen.de\/index.php\/wp-json\/wp\/v2\/pages"}],"about":[{"href":"https:\/\/www.feg-emmendingen.de\/index.php\/wp-json\/wp\/v2\/types\/page"}],"author":[{"embeddable":true,"href":"https:\/\/www.feg-emmendingen.de\/index.php\/wp-json\/wp\/v2\/users\/1"}],"replies":[{"embeddable":true,"href":"https:\/\/www.feg-emmendingen.de\/index.php\/wp-json\/wp\/v2\/comments?post=30"}],"version-history":[{"count":437,"href":"https:\/\/www.feg-emmendingen.de\/index.php\/wp-json\/wp\/v2\/pages\/30\/revisions"}],"predecessor-version":[{"id":2024,"href":"https:\/\/www.feg-emmendingen.de\/index.php\/wp-json\/wp\/v2\/pages\/30\/revisions\/2024"}],"wp:attachment":[{"href":"https:\/\/www.feg-emmendingen.de\/index.php\/wp-json\/wp\/v2\/media?parent=30"}],"curies":[{"name":"wp","href":"https:\/\/api.w.org\/{rel}","templated":true}]}}