{"id":1214,"date":"2023-11-19T06:52:52","date_gmt":"2023-11-19T05:52:52","guid":{"rendered":"https:\/\/www.feg-emmendingen.de\/?page_id=1214"},"modified":"2026-04-08T15:32:46","modified_gmt":"2026-04-08T13:32:46","slug":"kinder-jugendliche","status":"publish","type":"page","link":"https:\/\/www.feg-emmendingen.de\/index.php\/kinder-jugendliche\/","title":{"rendered":"Kinder &#038; Jugendliche"},"content":{"rendered":"\n<p>Im Rahmen des Gottesdienstes gibt es folgende Angebote:<\/p>\n\n\n\n<p>\u2022 0-3 Jahre <strong>mit den Eltern<\/strong> auf dem Spieleteppich im Foyer<br>         (Funkkopfh\u00f6rer f\u00fcr Verk\u00fcndigung)<\/p>\n\n\n\n<figure class=\"wp-block-image size-medium is-resized\"><img loading=\"lazy\" decoding=\"async\" width=\"300\" height=\"300\" src=\"https:\/\/www.feg-emmendingen.de\/wp-content\/uploads\/2026\/04\/grafik-300x300.png\" alt=\"\" class=\"wp-image-2009\" style=\"width:484px;height:auto\" srcset=\"https:\/\/www.feg-emmendingen.de\/wp-content\/uploads\/2026\/04\/grafik-300x300.png 300w, https:\/\/www.feg-emmendingen.de\/wp-content\/uploads\/2026\/04\/grafik-150x150.png 150w, https:\/\/www.feg-emmendingen.de\/wp-content\/uploads\/2026\/04\/grafik.png 647w\" sizes=\"auto, (max-width: 300px) 100vw, 300px\" \/><\/figure>\n\n\n\n<p>\u2022 3 Jahre &#8211; Schuleintritt: <strong><mark style=\"background-color:rgba(0, 0, 0, 0)\" class=\"has-inline-color has-vivid-cyan-blue-color\">PERLENTAUCHER<\/mark><\/strong>  unten im Gruppenraum hinten links<\/p>\n\n\n\n<p>\u2022 1. &#8211; 3. Klasse: <strong><mark style=\"background-color:rgba(0, 0, 0, 0)\" class=\"has-inline-color has-luminous-vivid-orange-color\">GOLDGR\u00c4BER<\/mark><\/strong> im 1.OG<\/p>\n\n\n\n<p>\u2022 4. &#8211; 5. Klasse: <strong><mark style=\"background-color:rgba(0, 0, 0, 0)\" class=\"has-inline-color has-vivid-green-cyan-color\">KUNDSCHAFTER<\/mark><\/strong>  auch im 1.OG<\/p>\n\n\n\n<p>\u2022 6. &#8211; 7. Klasse: <strong><mark style=\"background-color:rgba(0, 0, 0, 0)\" class=\"has-inline-color has-luminous-vivid-amber-color\">EXPLORER<\/mark><\/strong> auch im 1.OG<\/p>\n\n\n\n<p>\u2022 Jugendbetreuung im Jugendraum<\/p>\n\n\n\n<p><\/p>\n","protected":false},"excerpt":{"rendered":"<p>Im Rahmen des Gottesdienstes gibt es folgende Angebote: \u2022 0-3 Jahre mit den Eltern auf dem Spieleteppich im Foyer (Funkkopfh\u00f6rer f\u00fcr Verk\u00fcndigung) \u2022 3 Jahre &#8211; Schuleintritt: PERLENTAUCHER unten im Gruppenraum hinten links \u2022 1. &#8211; 3. Klasse: GOLDGR\u00c4BER im 1.OG \u2022 4. &#8211; 5. Klasse: KUNDSCHAFTER auch im 1.OG&#8230;<\/p>\n","protected":false},"author":1,"featured_media":0,"parent":0,"menu_order":0,"comment_status":"closed","ping_status":"closed","template":"","meta":{"advgb_blocks_editor_width":"","advgb_blocks_columns_visual_guide":"","footnotes":""},"class_list":["post-1214","page","type-page","status-publish","hentry"],"aioseo_notices":[],"coauthors":[],"author_meta":{"author_link":"https:\/\/www.feg-emmendingen.de\/index.php\/author\/admin\/","display_name":"admin"},"relative_dates":{"created":"Ver\u00f6ffentlicht 2\u00a0Jahren vor","modified":"Aktualisiert 2\u00a0Wochen vor"},"absolute_dates":{"created":"Ver\u00f6ffentlicht am 19. November 2023","modified":"Aktualisiert am 8. April 2026"},"absolute_dates_time":{"created":"Ver\u00f6ffentlicht am 19. November 2023 6:52","modified":"Aktualisiert am 8. April 2026 15:32"},"featured_img_caption":"","featured_img":false,"series_order":"","_links":{"self":[{"href":"https:\/\/www.feg-emmendingen.de\/index.php\/wp-json\/wp\/v2\/pages\/1214","targetHints":{"allow":["GET"]}}],"collection":[{"href":"https:\/\/www.feg-emmendingen.de\/index.php\/wp-json\/wp\/v2\/pages"}],"about":[{"href":"https:\/\/www.feg-emmendingen.de\/index.php\/wp-json\/wp\/v2\/types\/page"}],"author":[{"embeddable":true,"href":"https:\/\/www.feg-emmendingen.de\/index.php\/wp-json\/wp\/v2\/users\/1"}],"replies":[{"embeddable":true,"href":"https:\/\/www.feg-emmendingen.de\/index.php\/wp-json\/wp\/v2\/comments?post=1214"}],"version-history":[{"count":4,"href":"https:\/\/www.feg-emmendingen.de\/index.php\/wp-json\/wp\/v2\/pages\/1214\/revisions"}],"predecessor-version":[{"id":2011,"href":"https:\/\/www.feg-emmendingen.de\/index.php\/wp-json\/wp\/v2\/pages\/1214\/revisions\/2011"}],"wp:attachment":[{"href":"https:\/\/www.feg-emmendingen.de\/index.php\/wp-json\/wp\/v2\/media?parent=1214"}],"curies":[{"name":"wp","href":"https:\/\/api.w.org\/{rel}","templated":true}]}}