{"id":100,"date":"2018-03-30T21:36:02","date_gmt":"2018-03-30T19:36:02","guid":{"rendered":"http:\/\/fegwebservice\/?page_id=100"},"modified":"2025-10-23T19:15:09","modified_gmt":"2025-10-23T17:15:09","slug":"gemeindeleben","status":"publish","type":"page","link":"https:\/\/www.feg-emmendingen.de\/index.php\/gemeindeleben\/","title":{"rendered":"Gemeindeleben"},"content":{"rendered":"\n<p>auf dieser Seite findest Du verschiedene Informationen:<\/p>\n\n\n\n<p><strong><mark style=\"background-color:rgba(0, 0, 0, 0)\" class=\"has-inline-color has-vivid-cyan-blue-color\">Jahresplan 2026<\/mark><\/strong> &#8211; <a href=\"https:\/\/www.feg-emmendingen.de\/index.php\/gottesdienst\/\" title=\"\">https:\/\/www.feg-emmendingen.de\/index.php\/gottesdienst\/<\/a><\/p>\n\n\n\n<ul class=\"wp-block-list\">\n<li>Kleingruppen Aktion vom <strong><mark style=\"background-color:rgba(0, 0, 0, 0)\" class=\"has-inline-color has-vivid-purple-color\">09.03.2025 &#8211; 01.06.2025<\/mark><\/strong> &#8211; <a href=\"https:\/\/www.feg-emmendingen.de\/index.php\/kleingruppen\/\" title=\"\">https:\/\/www.feg-emmendingen.de\/index.php\/kleingruppen\/<\/a><\/li>\n\n\n\n<li><a href=\"https:\/\/www.feg-emmendingen.de\/index.php\/kinder-jugendliche\/\">Infos zu Kinder &amp; Jugendlichen<\/a><\/li>\n\n\n\n<li><a href=\"https:\/\/www.feg-emmendingen.de\/index.php\/gemeindeleben\/jeens\/\">Infos zu JEENS<\/a><\/li>\n\n\n\n<li><a href=\"https:\/\/www.feg-emmendingen.de\/owncloud\/index.php\/s\/XckjolfH324u6fn\" target=\"_blank\" rel=\"noreferrer noopener\">zu den aufgezeichneten Predigten (MP3)<\/a><\/li>\n<\/ul>\n\n\n\n<p><\/p>\n","protected":false},"excerpt":{"rendered":"<p>auf dieser Seite findest Du verschiedene Informationen: Jahresplan 2026 &#8211; https:\/\/www.feg-emmendingen.de\/index.php\/gottesdienst\/<\/p>\n","protected":false},"author":1,"featured_media":0,"parent":0,"menu_order":0,"comment_status":"closed","ping_status":"closed","template":"","meta":{"advgb_blocks_editor_width":"","advgb_blocks_columns_visual_guide":"","footnotes":""},"class_list":["post-100","page","type-page","status-publish","hentry"],"aioseo_notices":[],"coauthors":[],"author_meta":{"author_link":"https:\/\/www.feg-emmendingen.de\/index.php\/author\/admin\/","display_name":"admin"},"relative_dates":{"created":"Ver\u00f6ffentlicht 8\u00a0Jahren vor","modified":"Aktualisiert 6\u00a0Monaten vor"},"absolute_dates":{"created":"Ver\u00f6ffentlicht am 30. M\u00e4rz 2018","modified":"Aktualisiert am 23. Oktober 2025"},"absolute_dates_time":{"created":"Ver\u00f6ffentlicht am 30. M\u00e4rz 2018 21:36","modified":"Aktualisiert am 23. Oktober 2025 19:15"},"featured_img_caption":"","featured_img":false,"series_order":"","_links":{"self":[{"href":"https:\/\/www.feg-emmendingen.de\/index.php\/wp-json\/wp\/v2\/pages\/100","targetHints":{"allow":["GET"]}}],"collection":[{"href":"https:\/\/www.feg-emmendingen.de\/index.php\/wp-json\/wp\/v2\/pages"}],"about":[{"href":"https:\/\/www.feg-emmendingen.de\/index.php\/wp-json\/wp\/v2\/types\/page"}],"author":[{"embeddable":true,"href":"https:\/\/www.feg-emmendingen.de\/index.php\/wp-json\/wp\/v2\/users\/1"}],"replies":[{"embeddable":true,"href":"https:\/\/www.feg-emmendingen.de\/index.php\/wp-json\/wp\/v2\/comments?post=100"}],"version-history":[{"count":43,"href":"https:\/\/www.feg-emmendingen.de\/index.php\/wp-json\/wp\/v2\/pages\/100\/revisions"}],"predecessor-version":[{"id":1853,"href":"https:\/\/www.feg-emmendingen.de\/index.php\/wp-json\/wp\/v2\/pages\/100\/revisions\/1853"}],"wp:attachment":[{"href":"https:\/\/www.feg-emmendingen.de\/index.php\/wp-json\/wp\/v2\/media?parent=100"}],"curies":[{"name":"wp","href":"https:\/\/api.w.org\/{rel}","templated":true}]}}